{"id":14,"date":"2020-11-23T16:46:16","date_gmt":"2020-11-23T16:46:16","guid":{"rendered":"http:\/\/www.ronas-ibiza.com\/site\/?page_id=14"},"modified":"2021-01-21T14:42:24","modified_gmt":"2021-01-21T14:42:24","slug":"home","status":"publish","type":"page","link":"http:\/\/www.ronas-ibiza.com\/site\/","title":{"rendered":""},"content":{"rendered":"\n<div class=\"wp-block-columns is-layout-flex wp-container-core-columns-is-layout-9d6595d7 wp-block-columns-is-layout-flex\">\n<div class=\"wp-block-column is-layout-flow wp-block-column-is-layout-flow\">\n<p class=\"has-text-align-left has-vivid-red-color has-text-color has-medium-font-size\" id=\"tw-target-text\"><strong><span class=\"has-inline-color has-vivid-red-color\">PARA PARTICULARES<\/span><\/strong><\/p>\n\n\n\n<p><\/p>\n\n\n\n<p id=\"tw-target-text\"><strong>Desde 1990 estamos disponibles para particulares en Holanda y desde 2006 en Ibiza realizamos trabajos en instalaciones el\u00e9ctricas. Asesoramos e instalamos su nueva instalaci\u00f3n el\u00e9ctrica completamente a medida. Tambi\u00e9n podemos ayudarte a renovar o ampliar tu instalaci\u00f3n el\u00e9ctrica.<\/strong><\/p>\n<\/div>\n\n\n\n<div class=\"wp-block-column is-layout-flow wp-block-column-is-layout-flow\">\n<p class=\"has-text-align-left has-vivid-red-color has-text-color has-medium-font-size\"><strong><span class=\"has-inline-color has-vivid-red-color\">PARA NEGOCIOS<\/span><\/strong><\/p>\n\n\n\n<p><\/p>\n\n\n\n<p><strong>La instalaci\u00f3n el\u00e9ctrica es el coraz\u00f3n de su inmueble. La instalaci\u00f3n debe ser confiable y cumplir con los est\u00e1ndares actuales. El fracaso puede ser peligroso, cuesta dinero y usted quiere evitarlo. Te ayudamos a MANTENER, AJUSTAR, AMPLIAR y RENOVAR tu instalaci\u00f3n el\u00e9ctrica.<\/strong><\/p>\n\n\n\n<p><\/p>\n<\/div>\n<\/div>\n\n\n\n<p><\/p>\n\n\n\n<div class=\"wp-block-columns is-layout-flex wp-container-core-columns-is-layout-9d6595d7 wp-block-columns-is-layout-flex\">\n<div class=\"wp-block-column is-layout-flow wp-block-column-is-layout-flow\">\n<figure class=\"wp-block-image size-large\"><img loading=\"lazy\" decoding=\"async\" width=\"400\" height=\"244\" src=\"http:\/\/www.ronas-ibiza.com\/site\/wp-content\/uploads\/2021\/01\/rsz_captura-e1611154165329-nieuw.png\" alt=\"\" class=\"wp-image-250\" srcset=\"http:\/\/www.ronas-ibiza.com\/site\/wp-content\/uploads\/2021\/01\/rsz_captura-e1611154165329-nieuw.png 400w, http:\/\/www.ronas-ibiza.com\/site\/wp-content\/uploads\/2021\/01\/rsz_captura-e1611154165329-nieuw-300x183.png 300w\" sizes=\"auto, (max-width: 400px) 100vw, 400px\" \/><figcaption><strong><span class=\"has-inline-color has-vivid-red-color\">AVER\u00cdAS<\/span><\/strong><\/figcaption><\/figure>\n<\/div>\n\n\n\n<div class=\"wp-block-column is-layout-flow wp-block-column-is-layout-flow\">\n<figure class=\"wp-block-image size-large\"><img loading=\"lazy\" decoding=\"async\" width=\"400\" height=\"244\" src=\"http:\/\/www.ronas-ibiza.com\/site\/wp-content\/uploads\/2021\/01\/rsz_admin-ajax.png\" alt=\"\" class=\"wp-image-245\" srcset=\"http:\/\/www.ronas-ibiza.com\/site\/wp-content\/uploads\/2021\/01\/rsz_admin-ajax.png 400w, http:\/\/www.ronas-ibiza.com\/site\/wp-content\/uploads\/2021\/01\/rsz_admin-ajax-300x183.png 300w\" sizes=\"auto, (max-width: 400px) 100vw, 400px\" \/><figcaption><strong><span class=\"has-inline-color has-vivid-red-color\">DOM\u00d3TICA<\/span><\/strong><\/figcaption><\/figure>\n<\/div>\n\n\n\n<div class=\"wp-block-column is-layout-flow wp-block-column-is-layout-flow\">\n<div class=\"wp-block-columns is-layout-flex wp-container-core-columns-is-layout-9d6595d7 wp-block-columns-is-layout-flex\">\n<div class=\"wp-block-column is-layout-flow wp-block-column-is-layout-flow\">\n<figure class=\"wp-block-image size-large\"><img loading=\"lazy\" decoding=\"async\" width=\"400\" height=\"244\" src=\"http:\/\/www.ronas-ibiza.com\/site\/wp-content\/uploads\/2021\/01\/rsz_1photo-2021-01-21-07-19-52-2nieuw.jpg\" alt=\"\" class=\"wp-image-249\" srcset=\"http:\/\/www.ronas-ibiza.com\/site\/wp-content\/uploads\/2021\/01\/rsz_1photo-2021-01-21-07-19-52-2nieuw.jpg 400w, http:\/\/www.ronas-ibiza.com\/site\/wp-content\/uploads\/2021\/01\/rsz_1photo-2021-01-21-07-19-52-2nieuw-300x183.jpg 300w\" sizes=\"auto, (max-width: 400px) 100vw, 400px\" \/><figcaption><span class=\"has-inline-color has-vivid-red-color\"><strong>SOLAR<\/strong><\/span><\/figcaption><\/figure>\n<\/div>\n<\/div>\n\n\n\n<h2 class=\"wp-block-heading\"> <\/h2>\n<\/div>\n<\/div>\n\n\n\n<p><\/p>\n","protected":false},"excerpt":{"rendered":"<p>PARA PARTICULARES Desde 1990 estamos disponibles para particulares en Holanda y desde 2006 en Ibiza realizamos trabajos en instalaciones el\u00e9ctricas. Asesoramos e instalamos su nueva instalaci\u00f3n el\u00e9ctrica completamente a medida. Tambi\u00e9n podemos ayudarte a renovar o ampliar tu instalaci\u00f3n el\u00e9ctrica. PARA NEGOCIOS La instalaci\u00f3n el\u00e9ctrica es el coraz\u00f3n de su inmueble. La instalaci\u00f3n debe ser [&hellip;]<\/p>\n","protected":false},"author":1,"featured_media":0,"parent":0,"menu_order":0,"comment_status":"closed","ping_status":"closed","template":"","meta":{"footnotes":""},"class_list":["post-14","page","type-page","status-publish","hentry"],"_links":{"self":[{"href":"http:\/\/www.ronas-ibiza.com\/site\/wp-json\/wp\/v2\/pages\/14","targetHints":{"allow":["GET"]}}],"collection":[{"href":"http:\/\/www.ronas-ibiza.com\/site\/wp-json\/wp\/v2\/pages"}],"about":[{"href":"http:\/\/www.ronas-ibiza.com\/site\/wp-json\/wp\/v2\/types\/page"}],"author":[{"embeddable":true,"href":"http:\/\/www.ronas-ibiza.com\/site\/wp-json\/wp\/v2\/users\/1"}],"replies":[{"embeddable":true,"href":"http:\/\/www.ronas-ibiza.com\/site\/wp-json\/wp\/v2\/comments?post=14"}],"version-history":[{"count":31,"href":"http:\/\/www.ronas-ibiza.com\/site\/wp-json\/wp\/v2\/pages\/14\/revisions"}],"predecessor-version":[{"id":254,"href":"http:\/\/www.ronas-ibiza.com\/site\/wp-json\/wp\/v2\/pages\/14\/revisions\/254"}],"wp:attachment":[{"href":"http:\/\/www.ronas-ibiza.com\/site\/wp-json\/wp\/v2\/media?parent=14"}],"curies":[{"name":"wp","href":"https:\/\/api.w.org\/{rel}","templated":true}]}}